{"id":17,"date":"2022-09-28T02:39:46","date_gmt":"2022-09-28T02:39:46","guid":{"rendered":"https:\/\/subtropical.cinematica.art.br\/?page_id=17"},"modified":"2022-09-28T02:39:47","modified_gmt":"2022-09-28T02:39:47","slug":"01-2","status":"publish","type":"page","link":"https:\/\/subtropical.cinematica.art.br\/index.php\/01-2\/","title":{"rendered":"Projeto Subtropical de Longa-Metragem"},"content":{"rendered":"\n<p>O projeto Subtropical \u00e9 o primeiro longa-metragem de fic\u00e7\u00e3o proposto pela Cinem\u00e1tica, com temas que vem sendo discutidos desde antes da pandemia pelo diretor e o produtor. O diretor Pedro MC tem mais de 23 anos de atua\u00e7\u00e3o no cinema catarinense, com trabalhos nas \u00e1reas de cineclubismo e oficinas de audiovisual em regi\u00f5es perif\u00e9ricas, tendo dirigido document\u00e1rios premiados de curta e longa-metragem. O produtor \u00cdtalo Mongcon\u00e3nn \u00e9 cineasta formado na UFSC e morador da Terra Ind\u00edgena Ibirama-La Kl\u00e3n\u00f5, local no Alto Vale do Itaja\u00ed em Santa Catarina.<\/p>\n","protected":false},"excerpt":{"rendered":"<p>O projeto Subtropical \u00e9 o primeiro longa-metragem de fic\u00e7\u00e3o proposto pela Cinem\u00e1tica, com temas que vem sendo discutidos desde antes da pandemia pelo diretor e o produtor. O diretor Pedro MC tem mais de 23 anos de atua\u00e7\u00e3o no cinema catarinense, com trabalhos nas \u00e1reas de cineclubismo e oficinas de audiovisual em regi\u00f5es perif\u00e9ricas, tendo [&hellip;]<\/p>\n","protected":false},"author":1,"featured_media":0,"parent":0,"menu_order":0,"comment_status":"closed","ping_status":"open","template":"","meta":{"om_disable_all_campaigns":false,"_monsterinsights_skip_tracking":false,"_monsterinsights_sitenote_active":false,"_monsterinsights_sitenote_note":"","_monsterinsights_sitenote_category":0,"footnotes":""},"class_list":["post-17","page","type-page","status-publish","hentry"],"aioseo_notices":[],"_links":{"self":[{"href":"https:\/\/subtropical.cinematica.art.br\/index.php\/wp-json\/wp\/v2\/pages\/17","targetHints":{"allow":["GET"]}}],"collection":[{"href":"https:\/\/subtropical.cinematica.art.br\/index.php\/wp-json\/wp\/v2\/pages"}],"about":[{"href":"https:\/\/subtropical.cinematica.art.br\/index.php\/wp-json\/wp\/v2\/types\/page"}],"author":[{"embeddable":true,"href":"https:\/\/subtropical.cinematica.art.br\/index.php\/wp-json\/wp\/v2\/users\/1"}],"replies":[{"embeddable":true,"href":"https:\/\/subtropical.cinematica.art.br\/index.php\/wp-json\/wp\/v2\/comments?post=17"}],"version-history":[{"count":1,"href":"https:\/\/subtropical.cinematica.art.br\/index.php\/wp-json\/wp\/v2\/pages\/17\/revisions"}],"predecessor-version":[{"id":18,"href":"https:\/\/subtropical.cinematica.art.br\/index.php\/wp-json\/wp\/v2\/pages\/17\/revisions\/18"}],"wp:attachment":[{"href":"https:\/\/subtropical.cinematica.art.br\/index.php\/wp-json\/wp\/v2\/media?parent=17"}],"curies":[{"name":"wp","href":"https:\/\/api.w.org\/{rel}","templated":true}]}}